{"id":651,"date":"2025-12-01T15:03:19","date_gmt":"2025-12-01T11:03:19","guid":{"rendered":"https:\/\/preprod.avocats-ccr.fr\/?page_id=651"},"modified":"2026-03-13T14:36:05","modified_gmt":"2026-03-13T10:36:05","slug":"mentions-legales","status":"publish","type":"page","link":"https:\/\/preprod.avocats-ccr.fr\/index.php\/mentions-legales\/","title":{"rendered":"Mentions l\u00e9gales"},"content":{"rendered":"\t\t<div data-elementor-type=\"wp-page\" data-elementor-id=\"651\" class=\"elementor elementor-651\" data-elementor-post-type=\"page\">\n\t\t\t\t<div class=\"elementor-element elementor-element-34485a9 e-flex e-con-boxed e-con e-parent\" data-id=\"34485a9\" data-element_type=\"container\" data-e-type=\"container\" data-settings=\"{&quot;background_background&quot;:&quot;classic&quot;}\">\n\t\t\t\t\t<div class=\"e-con-inner\">\n\t\t\t\t\t<\/div>\n\t\t\t\t<\/div>\n\t\t<div class=\"elementor-element elementor-element-4321c88 e-flex e-con-boxed e-con e-parent\" data-id=\"4321c88\" data-element_type=\"container\" data-e-type=\"container\">\n\t\t\t\t\t<div class=\"e-con-inner\">\n\t\t\t\t<div class=\"elementor-element elementor-element-028f225 elementor-widget elementor-widget-heading\" data-id=\"028f225\" data-element_type=\"widget\" data-e-type=\"widget\" data-widget_type=\"heading.default\">\n\t\t\t\t\t<h2 class=\"elementor-heading-title elementor-size-default\">Mentions l\u00e9gales<\/h2>\t\t\t\t<\/div>\n\t\t\t\t<div class=\"elementor-element elementor-element-7836433 elementor-widget elementor-widget-text-editor\" data-id=\"7836433\" data-element_type=\"widget\" data-e-type=\"widget\" data-widget_type=\"text-editor.default\">\n\t\t\t\t\t\t\t\t\t<p><strong data-start=\"127\" data-end=\"149\">1. \u00c9diteur du site<\/strong><\/p>\n<p data-start=\"151\" data-end=\"304\">Le site <strong data-start=\"159\" data-end=\"186\"><a class=\"decorated-link\" href=\"https:\/\/avocats-ccr.fr\/\" target=\"_new\" rel=\"noopener\" data-start=\"161\" data-end=\"184\">https:\/\/avocats-ccr.fr\/<\/a><\/strong> est \u00e9dit\u00e9 par le <strong data-start=\"204\" data-end=\"238\">Cabinet d\u2019avocats Codet Chopin &amp; Associ\u00e9s<\/strong>, inscrit au r\u00e9pertoire SIRET sous le num\u00e9ro <strong data-start=\"283\" data-end=\"301\">42858509500045<\/strong>.<\/p>\n<p data-start=\"306\" data-end=\"387\"><strong data-start=\"306\" data-end=\"319\">Adresse :<\/strong><br data-start=\"319\" data-end=\"322\">108 Rue Roland Garros<br data-start=\"343\" data-end=\"346\">97400 Saint-Denis<br data-start=\"363\" data-end=\"366\">La R\u00e9union \u2013 France<\/p>\n<p data-start=\"389\" data-end=\"524\">Pour toute question relative au site ou \u00e0 son utilisation, vous pouvez contacter le cabinet \u00e0 l\u2019adresse : <strong data-start=\"495\" data-end=\"524\"><a class=\"decorated-link cursor-pointer\" rel=\"noopener\" data-start=\"497\" data-end=\"522\">commercial@avocats-ccr.fr<\/a><\/strong><\/p>\n<hr data-start=\"526\" data-end=\"529\">\n<h2 data-start=\"531\" data-end=\"552\"><strong data-start=\"534\" data-end=\"552\">2. H\u00e9bergement<\/strong><\/h2>\n<p data-start=\"554\" data-end=\"581\">Le site est h\u00e9berg\u00e9 par :<\/p>\n<p data-start=\"583\" data-end=\"636\"><strong data-start=\"583\" data-end=\"590\">OVH<\/strong><br data-start=\"590\" data-end=\"593\">2 rue Kellermann<br data-start=\"609\" data-end=\"612\">59100 Roubaix<br data-start=\"625\" data-end=\"628\">France<\/p>\n<hr data-start=\"638\" data-end=\"641\">\n<h2 data-start=\"643\" data-end=\"678\"><strong data-start=\"646\" data-end=\"678\">3. Conception et r\u00e9alisation<\/strong><\/h2>\n<p data-start=\"680\" data-end=\"774\">La conception et le d\u00e9veloppement du site <strong data-start=\"722\" data-end=\"749\"><a class=\"decorated-link\" href=\"https:\/\/avocats-ccr.fr\/\" target=\"_new\" rel=\"noopener\" data-start=\"724\" data-end=\"747\">https:\/\/avocats-ccr.fr\/<\/a><\/strong> ont \u00e9t\u00e9 r\u00e9alis\u00e9s par :<\/p>\n<p data-start=\"776\" data-end=\"868\"><strong data-start=\"776\" data-end=\"798\">Agence R Num\u00e9rique<\/strong><br data-start=\"798\" data-end=\"801\">La Montagne<br data-start=\"812\" data-end=\"815\">11 Chemin Hautbois<br data-start=\"833\" data-end=\"836\">97417 Saint-Denis<br data-start=\"853\" data-end=\"856\">La R\u00e9union<\/p>\n<p data-start=\"870\" data-end=\"914\">Site : <strong data-start=\"877\" data-end=\"914\"><a class=\"decorated-link\" href=\"https:\/\/www.agence-rnumerique.com\" target=\"_new\" rel=\"noopener\" data-start=\"879\" data-end=\"912\">https:\/\/www.agence-rnumerique.com<\/a><\/strong><\/p>\n<hr data-start=\"916\" data-end=\"919\">\n<h2 data-start=\"921\" data-end=\"958\"><strong data-start=\"924\" data-end=\"958\">4. Donn\u00e9es personnelles \u2013 RGPD<\/strong><\/h2>\n<p data-start=\"960\" data-end=\"1112\">La navigation sur ce site est s\u00e9curis\u00e9e gr\u00e2ce \u00e0 un certificat SSL.<br data-start=\"1026\" data-end=\"1029\">Aucune donn\u00e9e personnelle n\u2019est collect\u00e9e automatiquement lors de votre navigation.<\/p>\n<p data-start=\"1114\" data-end=\"1345\">En cas de prise de contact (formulaire, e-mail ou t\u00e9l\u00e9phone), les informations que vous transmettez sont utilis\u00e9es <strong data-start=\"1229\" data-end=\"1273\">uniquement pour r\u00e9pondre \u00e0 votre demande<\/strong>. Elles ne sont <strong data-start=\"1289\" data-end=\"1317\">ni vendues, ni \u00e9chang\u00e9es<\/strong>, ni transmises \u00e0 des tiers.<\/p>\n<p data-start=\"1347\" data-end=\"1386\">Conform\u00e9ment au RGPD, vous disposez :<\/p>\n<ul data-start=\"1387\" data-end=\"1545\">\n<li data-start=\"1387\" data-end=\"1410\">\n<p data-start=\"1389\" data-end=\"1410\">d\u2019un droit d\u2019acc\u00e8s,<\/p>\n<\/li>\n<li data-start=\"1411\" data-end=\"1443\">\n<p data-start=\"1413\" data-end=\"1443\">d\u2019un droit de rectification,<\/p>\n<\/li>\n<li data-start=\"1444\" data-end=\"1472\">\n<p data-start=\"1446\" data-end=\"1472\">d\u2019un droit d\u2019effacement,<\/p>\n<\/li>\n<li data-start=\"1473\" data-end=\"1501\">\n<p data-start=\"1475\" data-end=\"1501\">d\u2019un droit d\u2019opposition,<\/p>\n<\/li>\n<li data-start=\"1502\" data-end=\"1545\">\n<p data-start=\"1504\" data-end=\"1545\">d\u2019un droit \u00e0 la limitation du traitement.<\/p>\n<\/li>\n<\/ul>\n<p data-start=\"1547\" data-end=\"1615\">Pour exercer vos droits, contactez :<br data-start=\"1583\" data-end=\"1586\"><strong data-start=\"1586\" data-end=\"1615\"><a class=\"decorated-link cursor-pointer\" rel=\"noopener\" data-start=\"1588\" data-end=\"1613\">commercial@avocats-ccr.fr<\/a><\/strong><\/p>\n<hr data-start=\"1617\" data-end=\"1620\">\n<h2 data-start=\"1622\" data-end=\"1639\"><strong data-start=\"1625\" data-end=\"1639\">5. Cookies<\/strong><\/h2>\n<p data-start=\"1641\" data-end=\"1821\">Le site utilise uniquement des <strong data-start=\"1672\" data-end=\"1707\">cookies strictement n\u00e9cessaires<\/strong> \u00e0 son bon fonctionnement.<br data-start=\"1733\" data-end=\"1736\">Ils ne peuvent \u00eatre d\u00e9sactiv\u00e9s sans d\u00e9grader l\u2019affichage et l\u2019exp\u00e9rience utilisateur.<\/p>\n<p data-start=\"1823\" data-end=\"1900\">Le site <strong data-start=\"1831\" data-end=\"1871\">n\u2019effectue aucun suivi de navigation<\/strong> ni collecte de statistiques.<\/p>\n<hr data-start=\"1902\" data-end=\"1905\">\n<h2 data-start=\"1907\" data-end=\"1941\"><strong data-start=\"1910\" data-end=\"1941\">6. Propri\u00e9t\u00e9 intellectuelle<\/strong><\/h2>\n<p data-start=\"1943\" data-end=\"2102\">Les contenus pr\u00e9sents sur le site (textes, images, \u00e9l\u00e9ments graphiques) sont la propri\u00e9t\u00e9 du <strong data-start=\"2036\" data-end=\"2070\">Cabinet d\u2019avocats Codet Chopin &amp; Associ\u00e9s<\/strong>, ou utilis\u00e9s avec autorisation.<\/p>\n<p data-start=\"2104\" data-end=\"2239\">Toute reproduction, distribution, copie ou exploitation, totale ou partielle, est <strong data-start=\"2186\" data-end=\"2227\">interdite sans accord \u00e9crit pr\u00e9alable<\/strong> du Cabinet.<\/p>\n<hr data-start=\"2241\" data-end=\"2244\">\n<h2 data-start=\"2246\" data-end=\"2270\"><strong data-start=\"2249\" data-end=\"2270\">7. Responsabilit\u00e9<\/strong><\/h2>\n<p data-start=\"2272\" data-end=\"2339\">Le Cabinet d\u2019avocats Codet Chopin &amp; Associ\u00e9s ne peut \u00eatre tenu responsable :<\/p>\n<ul data-start=\"2340\" data-end=\"2599\">\n<li data-start=\"2340\" data-end=\"2421\">\n<p data-start=\"2342\" data-end=\"2421\">des interruptions ou dysfonctionnements du site, quelle qu\u2019en soit la cause ;<\/p>\n<\/li>\n<li data-start=\"2422\" data-end=\"2490\">\n<p data-start=\"2424\" data-end=\"2490\">des dommages directs ou indirects li\u00e9s \u00e0 l\u2019utilisation du site ;<\/p>\n<\/li>\n<li data-start=\"2491\" data-end=\"2599\">\n<p data-start=\"2493\" data-end=\"2599\">du contenu des sites tiers accessibles via des liens hypertextes pr\u00e9sents sur <strong data-start=\"2571\" data-end=\"2598\"><a class=\"decorated-link\" href=\"https:\/\/avocats-ccr.fr\/\" target=\"_new\" rel=\"noopener\" data-start=\"2573\" data-end=\"2596\">https:\/\/avocats-ccr.fr\/<\/a><\/strong>.<\/p>\n<\/li>\n<\/ul>\n<p data-start=\"2601\" data-end=\"2695\">L\u2019acc\u00e8s au site peut \u00eatre suspendu \u00e0 tout moment pour maintenance ou mise \u00e0 jour sans pr\u00e9avis.<\/p>\n<hr data-start=\"2697\" data-end=\"2700\">\n<h2 data-start=\"2702\" data-end=\"2728\"><strong data-start=\"2705\" data-end=\"2728\">8. Droit applicable<\/strong><\/h2>\n<p data-start=\"2730\" data-end=\"2902\">Les pr\u00e9sentes mentions l\u00e9gales sont r\u00e9gies par le droit fran\u00e7ais.<br data-start=\"2795\" data-end=\"2798\">Tout litige relatif \u00e0 leur interpr\u00e9tation ou \u00e0 l\u2019utilisation du site rel\u00e8ve des juridictions fran\u00e7aises.<\/p>\t\t\t\t\t\t\t\t<\/div>\n\t\t\t\t\t<\/div>\n\t\t\t\t<\/div>\n\t\t\t\t<\/div>\n\t\t","protected":false},"excerpt":{"rendered":"<p>Mentions l\u00e9gales du Cabinet d\u2019avocats Codet Chopin \u00e0 Saint-Denis (La R\u00e9union). Informations sur l\u2019\u00e9diteur du site, l\u2019h\u00e9bergement, la protection des donn\u00e9es, les cookies et la propri\u00e9t\u00e9 intellectuelle.<\/p>\n","protected":false},"author":1,"featured_media":226,"parent":0,"menu_order":0,"comment_status":"closed","ping_status":"closed","template":"elementor_header_footer","meta":{"_eb_attr":"","inline_featured_image":false,"footnotes":""},"class_list":["post-651","page","type-page","status-publish","has-post-thumbnail","hentry"],"_links":{"self":[{"href":"https:\/\/preprod.avocats-ccr.fr\/index.php\/wp-json\/wp\/v2\/pages\/651","targetHints":{"allow":["GET"]}}],"collection":[{"href":"https:\/\/preprod.avocats-ccr.fr\/index.php\/wp-json\/wp\/v2\/pages"}],"about":[{"href":"https:\/\/preprod.avocats-ccr.fr\/index.php\/wp-json\/wp\/v2\/types\/page"}],"author":[{"embeddable":true,"href":"https:\/\/preprod.avocats-ccr.fr\/index.php\/wp-json\/wp\/v2\/users\/1"}],"replies":[{"embeddable":true,"href":"https:\/\/preprod.avocats-ccr.fr\/index.php\/wp-json\/wp\/v2\/comments?post=651"}],"version-history":[{"count":13,"href":"https:\/\/preprod.avocats-ccr.fr\/index.php\/wp-json\/wp\/v2\/pages\/651\/revisions"}],"predecessor-version":[{"id":911,"href":"https:\/\/preprod.avocats-ccr.fr\/index.php\/wp-json\/wp\/v2\/pages\/651\/revisions\/911"}],"wp:featuredmedia":[{"embeddable":true,"href":"https:\/\/preprod.avocats-ccr.fr\/index.php\/wp-json\/wp\/v2\/media\/226"}],"wp:attachment":[{"href":"https:\/\/preprod.avocats-ccr.fr\/index.php\/wp-json\/wp\/v2\/media?parent=651"}],"curies":[{"name":"wp","href":"https:\/\/api.w.org\/{rel}","templated":true}]}}